{"id":6281,"date":"2025-01-28T19:50:33","date_gmt":"2025-01-29T01:50:33","guid":{"rendered":"https:\/\/tijuanacontemporary.art\/about\/"},"modified":"2025-06-30T11:12:33","modified_gmt":"2025-06-30T17:12:33","slug":"about","status":"publish","type":"page","link":"https:\/\/tijuanacontemporary.art\/en\/about\/","title":{"rendered":"About"},"content":{"rendered":"<p>[et_pb_section fb_built=&#8221;1&#8243; _builder_version=&#8221;4.27.4&#8243; _module_preset=&#8221;default&#8221; width=&#8221;100%&#8221; custom_margin=&#8221;0px||0px||true|false&#8221; custom_padding=&#8221;0px||0px||false|false&#8221; da_disable_devices=&#8221;off|off|off&#8221; locked=&#8221;off&#8221; global_colors_info=&#8221;{}&#8221; da_is_popup=&#8221;off&#8221; da_exit_intent=&#8221;off&#8221; da_has_close=&#8221;on&#8221; da_alt_close=&#8221;off&#8221; da_dark_close=&#8221;off&#8221; da_not_modal=&#8221;on&#8221; da_is_singular=&#8221;off&#8221; da_with_loader=&#8221;off&#8221; da_has_shadow=&#8221;on&#8221;][et_pb_row make_equal=&#8221;on&#8221; _builder_version=&#8221;4.27.4&#8243; _module_preset=&#8221;default&#8221; width=&#8221;96%&#8221; global_colors_info=&#8221;{}&#8221;][et_pb_column type=&#8221;4_4&#8243; _builder_version=&#8221;4.27.4&#8243; _module_preset=&#8221;default&#8221; global_colors_info=&#8221;{}&#8221;][et_pb_text admin_label=&#8221;TITULO&#8221; _builder_version=&#8221;4.27.4&#8243; _module_preset=&#8221;default&#8221; text_orientation=&#8221;center&#8221; global_colors_info=&#8221;{}&#8221;]<\/p>\n<h1>Tijuana Contemporary Art<\/h1>\n<p>[\/et_pb_text][\/et_pb_column][\/et_pb_row][et_pb_row column_structure=&#8221;1_4,3_4&#8243; use_custom_gutter=&#8221;on&#8221; gutter_width=&#8221;2&#8243; admin_label=&#8221;STATEMENT&#8221; module_class=&#8221;parrafo-g&#8221; _builder_version=&#8221;4.27.4&#8243; _module_preset=&#8221;default&#8221; width=&#8221;96%&#8221; custom_margin=&#8221;||||false|false&#8221; custom_padding=&#8221;6vh||6vh||false|false&#8221; locked=&#8221;off&#8221; global_colors_info=&#8221;{}&#8221;][et_pb_column type=&#8221;1_4&#8243; _builder_version=&#8221;4.27.4&#8243; _module_preset=&#8221;default&#8221; global_colors_info=&#8221;{}&#8221;][et_pb_text admin_label=&#8221;TITULO&#8221; _builder_version=&#8221;4.27.4&#8243; _module_preset=&#8221;default&#8221; global_colors_info=&#8221;{}&#8221;]<\/p>\n<h3>about the project<\/h3>\n<p>[\/et_pb_text][\/et_pb_column][et_pb_column type=&#8221;3_4&#8243; _builder_version=&#8221;4.27.4&#8243; _module_preset=&#8221;default&#8221; custom_padding=&#8221;|12vw|||false|false&#8221; custom_padding_tablet=&#8221;|12vw|||false|false&#8221; custom_padding_phone=&#8221;|0vw|||false|false&#8221; custom_padding_last_edited=&#8221;on|phone&#8221; global_colors_info=&#8221;{}&#8221;][et_pb_text admin_label=&#8221;PROYECTO&#8221; _builder_version=&#8221;4.27.4&#8243; _module_preset=&#8221;default&#8221; global_colors_info=&#8221;{}&#8221;]<\/p>\n<p>This website is the result of research derived from the project <em>After the explosion, there is no silence: artistic production in Tijuana 2003-2023<\/em><\/p>\n<p>The research aims to create a memory of the art produced in the city of Tijuana during the aforementioned period. This research seeks to fill a gap in knowledge about contemporary art in Tijuana, a city with a vibrant and diverse art scene that has been little studied in academia. Artistic production in Tijuana has experienced a boom in recent decades; however, this period has not been the subject of systematic study. This research aims to analyze artistic production in Tijuana from 2003, when the then School of Arts of the Universidad Aut\u00f3noma de Baja California was founded, until 2023, a date that arises as a cut-off due to the twentieth anniversary of the degree, in order to understand its evolution, its characteristics and its significance in the artistic context of the city.   <\/p>\n<p>This website is a small sample of the answers to the multiple questions that arose during this project. Through documentary research in collections, archives and spaces related to artistic production, we tried to trace the beginnings of the professional careers of artists who began their education in a systematized way and their participation in artistic events in the city. Subsequently, we began to generate a mapping of the artists who are part of the study group. Afterwards, interviews were conducted and information related to the creators was collected. During this process, conversations with the artists began to provide clues about how these stories were being constructed, which were linked to their professionalizing processes during their time at the university, the cultural ecosystem of the city, their links with their peers and their relationships among these three variants.    <\/p>\n<p>For this reason the website tijuanacontemporary.art was created. In order to build a memory of the visual arts, it was necessary to show three aspects: its artists, relevant artistic moments in the city and texts that help to understand a little more the phenomena that occur in Tijuana. Therefore, we have a section of artists, where you can review: their profiles, resumes, artist statements, images of their most representative work and archival images. The timeline section lists a series of events, spaces and characters that have been a fundamental part in the formation of these artists. And finally, the texts section lists a series of writings related to the visual arts in the city of Tijuana.    <\/p>\n<p>As mentioned above, this research has triggered more questions than answers, and this site is just a small outline of those answers that hopes to contribute to the construction of the memory of the visual arts in Tijuana. This website is a space under construction, which will grow with the contribution of all those people who want to add something to this ongoing dialogue. <\/p>\n<p>[\/et_pb_text][\/et_pb_column][\/et_pb_row][et_pb_row column_structure=&#8221;1_4,3_4&#8243; use_custom_gutter=&#8221;on&#8221; gutter_width=&#8221;2&#8243; admin_label=&#8221;STATEMENT&#8221; _builder_version=&#8221;4.27.4&#8243; _module_preset=&#8221;default&#8221; width=&#8221;96%&#8221; custom_margin=&#8221;||||false|false&#8221; custom_padding=&#8221;6vh||6vh||false|false&#8221; border_width_top=&#8221;1px&#8221; border_color_top=&#8221;#E8E8E8&#8243; locked=&#8221;off&#8221; global_colors_info=&#8221;{}&#8221;][et_pb_column type=&#8221;1_4&#8243; _builder_version=&#8221;4.27.4&#8243; _module_preset=&#8221;default&#8221; global_colors_info=&#8221;{}&#8221;][et_pb_text admin_label=&#8221;TITULO&#8221; _builder_version=&#8221;4.27.4&#8243; _module_preset=&#8221;default&#8221; global_colors_info=&#8221;{}&#8221;]<\/p>\n<h3>about the author<\/h3>\n<p>[\/et_pb_text][\/et_pb_column][et_pb_column type=&#8221;3_4&#8243; _builder_version=&#8221;4.27.4&#8243; _module_preset=&#8221;default&#8221; custom_padding=&#8221;|12vw|||false|false&#8221; custom_padding_tablet=&#8221;|12vw|||false|false&#8221; custom_padding_phone=&#8221;|0vw|||false|false&#8221; custom_padding_last_edited=&#8221;on|phone&#8221; global_colors_info=&#8221;{}&#8221;][et_pb_text admin_label=&#8221;AUTOR&#8221; _builder_version=&#8221;4.27.4&#8243; _module_preset=&#8221;default&#8221; global_colors_info=&#8221;{}&#8221;]<\/p>\n<p>Eduardo Lozano Murillo is a curator and art researcher. He is currently a beneficiary of the Stimulus Program for Artistic Creation and Development (PECDA, 2024) in the category of dissemination of cultural heritage. He was also a beneficiary of the Sponsorship program of Fundaci\u00f3n Jumex Arte Contempor\u00e1neo (2024) and of the Programa de Est\u00edmulo a la Creaci\u00f3n y Desarrollo Art\u00edstico de Baja California (2018-2019), in the category of research on art in Baja California. Among his most recent publications are Valra. C\u00f3smica y mec\u00e1nica de la pintura by Fondo Editorial La Rumorosa of the Secretar\u00eda de Cultura de Baja California (2021) and Ellos y Nosotros\/Them &amp; Us by Marcos Ram\u00edrez ERRE published by El Colegio de la Frontera Norte (2021). Among his most recent curatorial projects are Ecos de Abandono by M\u00f3nica Arreola (2024), Despu\u00e9s del horizonte todo es azul by Jessica Sanchez (2023), Habitar el olvido by M\u00f3nica Arreola (2022), Llevo a\u00f1os intentado recordar algo que no puedo olvidar by Guadalupe A. Vidal (2022) and Umbral. Photography in the Artistic Heritage of Baja California (2020).      <\/p>\n<p>He was co-founder and director of Perif\u00e9rica (2014-2019), an organization dedicated to the creation, socialization and preservation of content related to the visual arts in Baja California. He works from the Tijuana-San Diego cross-border region. <\/p>\n<p>[\/et_pb_text][et_pb_text admin_label=&#8221;enlace a web personal&#8221; _builder_version=&#8221;4.27.4&#8243; _module_preset=&#8221;default&#8221; custom_padding=&#8221;3vh||||false|false&#8221; hover_enabled=&#8221;0&#8243; global_colors_info=&#8221;{}&#8221; sticky_enabled=&#8221;0&#8243;]<\/p>\n<p><a href=\"https:\/\/www.eduardolozano.com\/\" target=\"_blank\" rel=\"noopener\">EDUARDOLOZANO.COM<\/a><\/p>\n<p>[\/et_pb_text][\/et_pb_column][\/et_pb_row][\/et_pb_section]<\/p>\n","protected":false},"excerpt":{"rendered":"<p>Tijuana Contemporary Artabout the projectThis website is the result of research derived from the project After the explosion, there is no silence: artistic production in Tijuana 2003-2023 The research aims to create a memory of the art produced in the city of Tijuana during the aforementioned period. This research seeks to fill a gap in [&hellip;]<\/p>\n","protected":false},"author":1,"featured_media":0,"parent":0,"menu_order":0,"comment_status":"closed","ping_status":"closed","template":"","meta":{"_et_pb_use_builder":"on","_et_pb_old_content":"","_et_gb_content_width":"","footnotes":""},"class_list":["post-6281","page","type-page","status-publish","hentry"],"_links":{"self":[{"href":"https:\/\/tijuanacontemporary.art\/en\/wp-json\/wp\/v2\/pages\/6281","targetHints":{"allow":["GET"]}}],"collection":[{"href":"https:\/\/tijuanacontemporary.art\/en\/wp-json\/wp\/v2\/pages"}],"about":[{"href":"https:\/\/tijuanacontemporary.art\/en\/wp-json\/wp\/v2\/types\/page"}],"author":[{"embeddable":true,"href":"https:\/\/tijuanacontemporary.art\/en\/wp-json\/wp\/v2\/users\/1"}],"replies":[{"embeddable":true,"href":"https:\/\/tijuanacontemporary.art\/en\/wp-json\/wp\/v2\/comments?post=6281"}],"version-history":[{"count":5,"href":"https:\/\/tijuanacontemporary.art\/en\/wp-json\/wp\/v2\/pages\/6281\/revisions"}],"predecessor-version":[{"id":6407,"href":"https:\/\/tijuanacontemporary.art\/en\/wp-json\/wp\/v2\/pages\/6281\/revisions\/6407"}],"wp:attachment":[{"href":"https:\/\/tijuanacontemporary.art\/en\/wp-json\/wp\/v2\/media?parent=6281"}],"curies":[{"name":"wp","href":"https:\/\/api.w.org\/{rel}","templated":true}]}}